{"id":691,"date":"2025-11-20T13:47:31","date_gmt":"2025-11-20T13:47:31","guid":{"rendered":"http:\/\/marcocaria.net\/home\/"},"modified":"2026-02-12T11:40:49","modified_gmt":"2026-02-12T10:40:49","slug":"home","status":"publish","type":"page","link":"https:\/\/marcocaria.net\/de\/","title":{"rendered":"Startseite"},"content":{"rendered":"<div class=\"wp-block-uagb-container uagb-block-abc2ec26 alignfull uagb-is-root-container\"><div class=\"uagb-container-inner-blocks-wrap\">\n<div class=\"wp-block-uagb-info-box uagb-block-08c0e953 uagb-infobox__content-wrap  uagb-infobox-icon-above-title uagb-infobox-image-valign-top\"><div class=\"uagb-ifb-content\"><div class=\"uagb-ifb-title-wrap\"><h1 class=\"uagb-ifb-title\">MARCO CARIA<\/h1><\/div><div class=\"uagb-ifb-button-wrapper wp-block-button\"><a href=\"#\" class=\"uagb-infobox-cta-link wp-block-button__link\" target=\"_self\" rel=\"noopener noreferrer\" onclick=\"return false;\"><span class=\"uagb-inline-editing\">Bariton<\/span><\/a><\/div><\/div><\/div>\n<\/div><\/div>\n\n\n\n<div class=\"wp-block-uagb-container uagb-layout-grid uagb-block-b5e7e8ee alignfull uagb-is-root-container\"><div class=\"uagb-container-inner-blocks-wrap\">\n<div class=\"wp-block-uagb-info-box uagb-block-0fc90987 uagb-infobox__content-wrap  uagb-infobox-icon-above-title uagb-infobox-image-valign-top wp-block-uagb-info-box--has-margin\"><div class=\"uagb-infobox-margin-wrapper\"><div class=\"uagb-ifb-content\"><div class=\"uagb-ifb-title-wrap\"><h5 class=\"uagb-ifb-title-prefix\">Biografie und Leistungen<\/h5><h2 class=\"uagb-ifb-title\">\u201ceine der interessantesten Stimmen der internationalen Opernszene\u201d.\u201d<\/h2><\/div><\/div><\/div><\/div>\n\n\n\n<div class=\"wp-block-uagb-info-box uagb-block-1f18b2e0 uagb-infobox__content-wrap  uagb-infobox-icon-above-title uagb-infobox-image-valign-top\"><div class=\"uagb-ifb-content\"><div class=\"uagb-ifb-title-wrap\"><p class=\"uagb-ifb-title\">Der in Oristano geborene Bariton Marco Caria gilt als eine der interessantesten Stimmen der internationalen Opernszene. Seine Karriere f\u00fchrte ihn an die gro\u00dfen B\u00fchnen der Welt, von der Wiener Staatsoper bis zum Teatro Col\u00f3n in Buenos Aires. <br><br>Zu seinen j\u00fcngsten Deb\u00fcts geh\u00f6ren Scarpia in Tosca (Montpellier 2022), Barnaba in La Gioconda (Cagliari 2025) und Jago in Otello (Sassari 2024). 2026 wird er als Scarpia zu den Margarethen-Festspielen in \u00d6sterreich zur\u00fcckkehren.<\/p><\/div><div class=\"uagb-ifb-button-wrapper wp-block-button\"><a href=\"\/de\/biography\/\" class=\"uagb-infobox-cta-link wp-block-button__link\" target=\"_self\" rel=\"noopener noreferrer\" onclick=\"return true;\"><span class=\"uagb-inline-editing\">Mehr<\/span><svg xmlns=\"https:\/\/www.w3.org\/2000\/svg\" viewbox=\"0 0 512 512\"><path d=\"M504.3 273.6l-112.1 104c-6.992 6.484-17.18 8.218-25.94 4.406c-8.758-3.812-14.42-12.45-14.42-21.1L351.9 288H32C14.33 288 .0002 273.7 .0002 255.1S14.33 224 32 224h319.9l0-72c0-9.547 5.66-18.19 14.42-22c8.754-3.809 18.95-2.075 25.94 4.41l112.1 104C514.6 247.9 514.6 264.1 504.3 273.6z\"><\/path><\/svg><\/a><\/div><\/div><\/div>\n<\/div><\/div>\n\n\n\n<div class=\"wp-block-uagb-container uagb-layout-grid uagb-block-05c5b147 alignfull uagb-is-root-container\"><div class=\"uagb-container-inner-blocks-wrap\">\n<div class=\"wp-block-uagb-info-box uagb-block-cae2acda uagb-infobox__content-wrap  uagb-infobox-icon-above-title uagb-infobox-image-valign-top wp-block-uagb-info-box--has-margin\"><div class=\"uagb-infobox-margin-wrapper\"><div class=\"uagb-ifb-content\"><div class=\"uagb-ifb-title-wrap\"><h2 class=\"uagb-ifb-title-prefix\">2001<\/h2><h5 class=\"uagb-ifb-title\">die ersten Wettbewerbe<\/h5><\/div><p class=\"uagb-ifb-desc\">erste Siege bei internationalen Wettbewerben: Tito Gobbi, Domenico Alaleona, Luciano Neroni und andere.<\/p><\/div><\/div><\/div>\n\n\n\n<div class=\"wp-block-uagb-info-box uagb-block-8b27ce14 uagb-infobox__content-wrap  uagb-infobox-icon-above-title uagb-infobox-image-valign-top wp-block-uagb-info-box--has-margin\"><div class=\"uagb-infobox-margin-wrapper\"><div class=\"uagb-ifb-content\"><div class=\"uagb-ifb-title-wrap\"><h2 class=\"uagb-ifb-title-prefix\">2002<\/h2><h5 class=\"uagb-ifb-title\">DEBUT im THEATER<\/h5><\/div><p class=\"uagb-ifb-desc\">in der Rolle des Don Alvaro in G. Rossinis \u201cIl Viaggio a Reims\u201d am Teatro Marrucino in Chieti.<\/p><\/div><\/div><\/div>\n\n\n\n<div class=\"wp-block-uagb-info-box uagb-block-646177db uagb-infobox__content-wrap  uagb-infobox-icon-above-title uagb-infobox-image-valign-top wp-block-uagb-info-box--has-margin\"><div class=\"uagb-infobox-margin-wrapper\"><div class=\"uagb-ifb-content\"><div class=\"uagb-ifb-title-wrap\"><h2 class=\"uagb-ifb-title-prefix\">2007<\/h2><h5 class=\"uagb-ifb-title\">OPERALIA<\/h5><\/div><p class=\"uagb-ifb-desc\">Der zweite Preis und der Sonderpreis des Publikums in Paris.<\/p><\/div><\/div><\/div>\n\n\n\n<div class=\"wp-block-uagb-info-box uagb-block-0e614d4c uagb-infobox__content-wrap  uagb-infobox-icon-above-title uagb-infobox-image-valign-top wp-block-uagb-info-box--has-margin\"><div class=\"uagb-infobox-margin-wrapper\"><div class=\"uagb-ifb-content\"><div class=\"uagb-ifb-title-wrap\"><h2 class=\"uagb-ifb-title-prefix\">2007<\/h2><h5 class=\"uagb-ifb-title\">DEBUT NORD AMERICA<\/h5><\/div><p class=\"uagb-ifb-desc\">Cincinnati, Chicago, San Francisco, Los Angeles.<\/p><\/div><\/div><\/div>\n\n\n\n<div class=\"wp-block-uagb-info-box uagb-block-7d81294e uagb-infobox__content-wrap  uagb-infobox-icon-above-title uagb-infobox-image-valign-top wp-block-uagb-info-box--has-margin\"><div class=\"uagb-infobox-margin-wrapper\"><div class=\"uagb-ifb-content\"><div class=\"uagb-ifb-title-wrap\"><h2 class=\"uagb-ifb-title-prefix\">2010<\/h2><h5 class=\"uagb-ifb-title\">wiener staatsoper deb\u00fct<\/h5><\/div><p class=\"uagb-ifb-desc\">Beginn einer engen Zusammenarbeit.<\/p><\/div><\/div><\/div>\n\n\n\n<div class=\"wp-block-uagb-info-box uagb-block-42b6c307 uagb-infobox__content-wrap  uagb-infobox-icon-above-title uagb-infobox-image-valign-top wp-block-uagb-info-box--has-margin\"><div class=\"uagb-infobox-margin-wrapper\"><div class=\"uagb-ifb-content\"><div class=\"uagb-ifb-title-wrap\"><h2 class=\"uagb-ifb-title-prefix\">2021<\/h2><h5 class=\"uagb-ifb-title\">Er\u00f6ffnung der Singschule<\/h5><\/div><p class=\"uagb-ifb-desc\">Meisterkurse und Unterricht in Rom.<\/p><\/div><\/div><\/div>\n<\/div><\/div>\n\n\n\n<div class=\"wp-block-uagb-container uagb-block-efcdf3b9 alignfull uagb-is-root-container\"><div class=\"uagb-container-inner-blocks-wrap\">\n<div class=\"wp-block-uagb-info-box uagb-block-77136102 uagb-infobox__content-wrap  uagb-infobox-icon-above-title uagb-infobox-image-valign-top wp-block-uagb-info-box--has-margin\"><div class=\"uagb-infobox-margin-wrapper\"><div class=\"uagb-ifb-content\"><div class=\"uagb-ifb-title-wrap\"><h5 class=\"uagb-ifb-title-prefix\"><a href=\"\/de\/repertoire\/\" title=\"\">REPERTOIRE<\/a><\/h5><h2 class=\"uagb-ifb-title\">MARCO CARIA HAT MEHR ALS VIERZIG ROLLEN IM REPERTOIRE<\/h2><\/div><\/div><\/div><\/div>\n\n\n\n<div class=\"wp-block-uagb-container uagb-block-9eadf28c\">\n<div class=\"wp-block-uagb-info-box uagb-block-273a0333 uagb-infobox__content-wrap  uagb-infobox-icon-above-title uagb-infobox-image-valign-top\"><div class=\"uagb-ifb-content\"><div class=\"uagb-ifb-image-content\"><img decoding=\"async\" src=\"https:\/\/marcocaria.net\/wp-content\/uploads\/2025\/12\/SCARPIA.jpg\" alt=\"Tosca, Montpellier 2022\" width=\"740\" height=\"1048\" loading=\"lazy\"\/><\/div><div class=\"uagb-ifb-title-wrap\"><span class=\"uagb-ifb-title-prefix\">\u00abTosca, <br>Du l\u00e4sst mich Gott vergessen!\u00bb<\/span><\/div><p class=\"uagb-ifb-desc\">BARON SCARPIA <br>(TOSCA)<\/p><\/div><\/div>\n\n\n\n<div class=\"wp-block-uagb-info-box uagb-block-33e70597 uagb-infobox__content-wrap  uagb-infobox-icon-above-title uagb-infobox-image-valign-top wp-block-uagb-info-box--has-margin\"><div class=\"uagb-infobox-margin-wrapper\"><div class=\"uagb-ifb-content\"><div class=\"uagb-ifb-image-content\"><img decoding=\"async\" src=\"https:\/\/marcocaria.net\/wp-content\/uploads\/2025\/12\/NABUCCO.jpg\" alt=\"Nabucco, Sassari 2023\" width=\"740\" height=\"1048\" loading=\"lazy\"\/><\/div><div class=\"uagb-ifb-title-wrap\"><span class=\"uagb-ifb-title-prefix\">\u00abDie Wahnsinnigen sollen vor meinem Zorn erzittern...<br>Die Opfer werden alle fallen! ...\u00bb<\/span><\/div><p class=\"uagb-ifb-desc\">NABUCCO<br>(NABUCCO)<\/p><\/div><\/div><\/div>\n\n\n\n<div class=\"wp-block-uagb-info-box uagb-block-37af1154 uagb-infobox__content-wrap  uagb-infobox-icon-above-title uagb-infobox-image-valign-top wp-block-uagb-info-box--has-margin\"><div class=\"uagb-infobox-margin-wrapper\"><div class=\"uagb-ifb-content\"><div class=\"uagb-ifb-image-content\"><img decoding=\"async\" src=\"https:\/\/marcocaria.net\/wp-content\/uploads\/2025\/12\/JAGO.jpg\" alt=\"Otello (Jago), Sassari, 2024\" width=\"740\" height=\"1048\" loading=\"lazy\"\/><\/div><div class=\"uagb-ifb-title-wrap\"><span class=\"uagb-ifb-title-prefix\">\u00abObwohl ich so tue, als w\u00fcrde ich ihn lieben, <br>Ich hasse diesen Moor...\u00bb<\/span><\/div><p class=\"uagb-ifb-desc\">JAGO<br>(OTEL)<\/p><\/div><\/div><\/div>\n<\/div>\n<\/div><\/div>\n\n\n\n<div class=\"wp-block-uagb-container uagb-layout-grid uagb-block-355c401a alignfull uagb-is-root-container\"><div class=\"uagb-container-inner-blocks-wrap\">\n<div class=\"wp-block-uagb-advanced-heading uagb-block-a9c66ba6\"><h5 class=\"uagb-heading-text\">j\u00fcngste Engagements<\/h5><\/div>\n\n\n\n<div class=\"wp-block-uagb-container uagb-layout-flex uagb-block-d477b15d\">\n<div class=\"wp-block-uagb-advanced-heading uagb-block-a10546e1\"><h2 class=\"uagb-heading-text\">MaRCO CARIA tritt in den bedeutendsten Theatern der Welt auf<\/h2><\/div>\n\n\n\n<div class=\"wp-block-uagb-container uagb-layout-flex uagb-block-5d72230c\">\n<div class=\"wp-block-uagb-container uagb-layout-grid uagb-block-6778c349\">\n<div class=\"wp-block-uagb-advanced-heading uagb-block-f7a87653\"><h3 class=\"uagb-heading-text\"> 2026<\/h3><\/div>\n\n\n\n<div class=\"wp-block-uagb-advanced-heading uagb-block-e5432ad1\"><h3 class=\"uagb-heading-text\">tosca (baron scarpia)<\/h3><p class=\"uagb-desc-text\"><a href=\"https:\/\/www.operimsteinbruch.at\/en\/besetzung\/marco-caria\" target=\"_blank\" rel=\"noopener\" title=\"\">Oper im Steinbruch<\/a> \/ R\u00f6mersteinbruch Sankt Margarethen<\/p><\/div>\n<\/div>\n\n\n\n<div class=\"wp-block-uagb-container uagb-layout-grid uagb-block-cb1c9cb1\">\n<div class=\"wp-block-uagb-advanced-heading uagb-block-e368bbc5\"><h3 class=\"uagb-heading-text\">2025<\/h3><\/div>\n\n\n\n<div class=\"wp-block-uagb-advanced-heading uagb-block-73a463e8\"><h3 class=\"uagb-heading-text\">aida (amonasro)<\/h3><p class=\"uagb-desc-text\"><a href=\"https:\/\/operahongkong.org\/aida\" target=\"_blank\" rel=\"noopener\" title=\"\">Oper Hongkong<\/a><\/p><\/div>\n<\/div>\n\n\n\n<div class=\"wp-block-uagb-container uagb-layout-grid uagb-block-845d3057\">\n<div class=\"wp-block-uagb-advanced-heading uagb-block-a92ada45\"><h3 class=\"uagb-heading-text\">2025<\/h3><\/div>\n\n\n\n<div class=\"wp-block-uagb-advanced-heading uagb-block-120e00a3\"><h3 class=\"uagb-heading-text\">IL TROVATORE (Il Conte Di Luna)\u200b<\/h3><p class=\"uagb-desc-text\"><a href=\"https:\/\/theatrebeijing.com\/whats_on\/NCPA\/2025\/ncpa_opera_il_trovatore.html\" target=\"_blank\" rel=\"noopener\" title=\"\">Nationales Zentrum f\u00fcr darstellende K\u00fcnste (Peking, China)<\/a><\/p><\/div>\n<\/div>\n\n\n\n<div class=\"wp-block-uagb-container uagb-layout-grid uagb-block-05ec2050\">\n<div class=\"wp-block-uagb-advanced-heading uagb-block-b6fe4c45\"><h3 class=\"uagb-heading-text\">2025<\/h3><\/div>\n\n\n\n<div class=\"wp-block-uagb-advanced-heading uagb-block-8753c02b\"><h3 class=\"uagb-heading-text\">LA GIOCONDA (BARNABAS)<\/h3><p class=\"uagb-desc-text\"><a href=\"https:\/\/www.teatroliricodicagliari.it\/it\/2022_news\/news_2024\/2025_gioconda.html\" target=\"_blank\" rel=\"noopener\" title=\"\">Opernhaus von Cagliari<\/a><\/p><\/div>\n<\/div>\n<\/div>\n<\/div>\n<\/div><\/div>\n\n\n\n<div class=\"wp-block-uagb-container uagb-block-79c711fc alignfull uagb-is-root-container\"><div class=\"uagb-container-inner-blocks-wrap\">\n<div class=\"wp-block-uagb-image alignleft uagb-block-0ddc1935 wp-block-uagb-image--layout-default wp-block-uagb-image--effect-static wp-block-uagb-image--align-left\"><figure class=\"wp-block-uagb-image__figure\"><img decoding=\"async\" srcset=\"https:\/\/marcocaria.net\/wp-content\/uploads\/2025\/11\/top-left.jpg ,https:\/\/marcocaria.net\/wp-content\/uploads\/2025\/11\/top-left.jpg 780w, https:\/\/marcocaria.net\/wp-content\/uploads\/2025\/11\/top-left.jpg 360w\" sizes=\"auto, (max-width: 480px) 150px\" src=\"https:\/\/marcocaria.net\/wp-content\/uploads\/2025\/11\/top-left.jpg\" alt=\"Tosca, Montpellier, 2022\" class=\"uag-image-2076\" width=\"504\" height=\"336\" title=\"oben links\" loading=\"lazy\" role=\"img\"\/><\/figure><\/div>\n\n\n\n<div class=\"wp-block-uagb-container uagb-block-d9e4fa6f\">\n<div class=\"wp-block-uagb-info-box uagb-block-7edff046 uagb-infobox__content-wrap  uagb-infobox-icon-above-title uagb-infobox-image-valign-top\"><div class=\"uagb-ifb-content\"><div class=\"uagb-ifb-title-wrap\"><h5 class=\"uagb-ifb-title-prefix\">K\u00dcNFTIGE VERPFLICHTUNGEN<\/h5><h2 class=\"uagb-ifb-title\">TOSCA (BARON SCARPIA)<\/h2><\/div><\/div><\/div>\n\n\n\n<div class=\"wp-block-uagb-container uagb-layout-grid uagb-block-ea19b4cd\">\n<div class=\"wp-block-uagb-advanced-heading uagb-block-1e4b7ab6\"><p class=\"uagb-heading-text\">Die Festspiele Margarethen am Steinbruch sind ein einzigartiges Opernfestival im spektakul\u00e4ren Steinbruch von St. Margarethen, wo die Oper in einem faszinierenden nat\u00fcrlichen Amphitheater zum Leben erwacht. Und f\u00fcr 2026, Ich, <em>Baron Scarpia<\/em>, erwarte Sie bei Tosca: an diesem majest\u00e4tischen Ort. Erleben Sie mit mir unter dem burgenl\u00e4ndischen Himmel eine unvergessliche Vorstellung.<\/p><\/div>\n\n\n\n<div class=\"wp-block-uagb-info-box uagb-block-90c82ac5 uagb-infobox__content-wrap  uagb-infobox-icon-above-title uagb-infobox-image-valign-top wp-block-uagb-info-box--has-margin\"><div class=\"uagb-infobox-margin-wrapper\"><div class=\"uagb-ifb-content\"><div class=\"uagb-ifb-title-wrap\"><h4 class=\"uagb-ifb-title-prefix\">Jul. - Aug.<\/h4><h2 class=\"uagb-ifb-title\">2026<\/h2><\/div><\/div><\/div><\/div>\n<\/div>\n\n\n\n<div class=\"wp-block-uagb-buttons uagb-buttons__outer-wrap uagb-btn__default-btn uagb-btn-tablet__default-btn uagb-btn-mobile__default-btn uagb-block-1e94e731\"><div class=\"uagb-buttons__wrap uagb-buttons-layout-wrap\">\n<div class=\"wp-block-uagb-buttons-child uagb-buttons__outer-wrap uagb-block-6273f544 wp-block-button\"><div class=\"uagb-button__wrapper\"><a class=\"uagb-buttons-repeater wp-block-button__link\" aria-label=\"\" href=\"https:\/\/www.operimsteinbruch.at\/en\/schedule-2025-2\" rel=\"follow noopener\" target=\"_blank\" role=\"button\"><div class=\"uagb-button__link\">Tickets kaufen<\/div><span class=\"uagb-button__icon uagb-button__icon-position-after\"><svg xmlns=\"https:\/\/www.w3.org\/2000\/svg\" viewbox=\"0 0 448 512\" aria-hidden=\"true\" focussable=\"false\"><path d=\"M438.6 278.6l-160 160C272.4 444.9 264.2 448 256 448s-16.38-3.125-22.62-9.375c-12.5-12.5-12.5-32.75 0-45.25L338.8 288H32C14.33 288 .0016 273.7 .0016 256S14.33 224 32 224h306.8l-105.4-105.4c-12.5-12.5-12.5-32.75 0-45.25s32.75-12.5 45.25 0l160 160C451.1 245.9 451.1 266.1 438.6 278.6z\"><\/path><\/svg><\/span><\/a><\/div><\/div>\n<\/div><\/div>\n<\/div>\n<\/div><\/div>","protected":false},"excerpt":{"rendered":"<p>recenti impegni MaRCO CARIA SI ESIBISCE NEI PI\u00f9 IMPORTANTI TEATRI DEL MONDO 2026\u200b tosca (barone scarpia) Oper im Steinbruch \/ R\u00f6mersteinbruch Sankt Margarethen 2025\u200b aida (amonasro) Opera Hong Kong 2025\u200b IL TROVATORE (Il conte di luna)\u200b National Centre for the Performing Arts (Pechino, Cina) 2025 LA GIOCONDA (BARNABA)\u200b Teatro Lirico di Cagliari Il Festival di [&hellip;]<\/p>\n","protected":false},"author":1,"featured_media":0,"parent":0,"menu_order":0,"comment_status":"closed","ping_status":"closed","template":"","meta":{"_uag_custom_page_level_css":"","site-sidebar-layout":"no-sidebar","site-content-layout":"page-builder","ast-site-content-layout":"full-width-container","site-content-style":"unboxed","site-sidebar-style":"unboxed","ast-global-header-display":"","ast-banner-title-visibility":"","ast-main-header-display":"","ast-hfb-above-header-display":"","ast-hfb-below-header-display":"","ast-hfb-mobile-header-display":"","site-post-title":"disabled","ast-breadcrumbs-content":"","ast-featured-img":"disabled","footer-sml-layout":"","ast-disable-related-posts":"","theme-transparent-header-meta":"enabled","adv-header-id-meta":"","stick-header-meta":"","header-above-stick-meta":"","header-main-stick-meta":"","header-below-stick-meta":"","astra-migrate-meta-layouts":"set","ast-page-background-enabled":"default","ast-page-background-meta":{"desktop":{"background-color":"","background-image":"","background-repeat":"repeat","background-position":"center center","background-size":"auto","background-attachment":"scroll","background-type":"","background-media":"","overlay-type":"","overlay-color":"","overlay-opacity":"","overlay-gradient":""},"tablet":{"background-color":"","background-image":"","background-repeat":"repeat","background-position":"center center","background-size":"auto","background-attachment":"scroll","background-type":"","background-media":"","overlay-type":"","overlay-color":"","overlay-opacity":"","overlay-gradient":""},"mobile":{"background-color":"","background-image":"","background-repeat":"repeat","background-position":"center center","background-size":"auto","background-attachment":"scroll","background-type":"","background-media":"","overlay-type":"","overlay-color":"","overlay-opacity":"","overlay-gradient":""}},"ast-content-background-meta":{"desktop":{"background-color":"var(--ast-global-color-5)","background-image":"","background-repeat":"repeat","background-position":"center center","background-size":"auto","background-attachment":"scroll","background-type":"","background-media":"","overlay-type":"","overlay-color":"","overlay-opacity":"","overlay-gradient":""},"tablet":{"background-color":"var(--ast-global-color-5)","background-image":"","background-repeat":"repeat","background-position":"center center","background-size":"auto","background-attachment":"scroll","background-type":"","background-media":"","overlay-type":"","overlay-color":"","overlay-opacity":"","overlay-gradient":""},"mobile":{"background-color":"var(--ast-global-color-5)","background-image":"","background-repeat":"repeat","background-position":"center center","background-size":"auto","background-attachment":"scroll","background-type":"","background-media":"","overlay-type":"","overlay-color":"","overlay-opacity":"","overlay-gradient":""}},"footnotes":""},"class_list":["post-691","page","type-page","status-publish","hentry"],"aioseo_notices":[],"uagb_featured_image_src":{"full":false,"thumbnail":false,"medium":false,"medium_large":false,"large":false,"1536x1536":false,"2048x2048":false,"trp-custom-language-flag":false},"uagb_author_info":{"display_name":"author","author_link":"https:\/\/marcocaria.net\/de\/author\/llenusyagmail-com\/"},"uagb_comment_info":0,"uagb_excerpt":"recenti impegni MaRCO CARIA SI ESIBISCE NEI PI\u00f9 IMPORTANTI TEATRI DEL MONDO 2026\u200b tosca (barone scarpia) Oper im Steinbruch \/ R\u00f6mersteinbruch Sankt Margarethen 2025\u200b aida (amonasro) Opera Hong Kong 2025\u200b IL TROVATORE (Il conte di luna)\u200b National Centre for the Performing Arts (Pechino, Cina) 2025 LA GIOCONDA (BARNABA)\u200b Teatro Lirico di Cagliari Il Festival di&hellip;","_links":{"self":[{"href":"https:\/\/marcocaria.net\/de\/wp-json\/wp\/v2\/pages\/691","targetHints":{"allow":["GET"]}}],"collection":[{"href":"https:\/\/marcocaria.net\/de\/wp-json\/wp\/v2\/pages"}],"about":[{"href":"https:\/\/marcocaria.net\/de\/wp-json\/wp\/v2\/types\/page"}],"author":[{"embeddable":true,"href":"https:\/\/marcocaria.net\/de\/wp-json\/wp\/v2\/users\/1"}],"replies":[{"embeddable":true,"href":"https:\/\/marcocaria.net\/de\/wp-json\/wp\/v2\/comments?post=691"}],"version-history":[{"count":45,"href":"https:\/\/marcocaria.net\/de\/wp-json\/wp\/v2\/pages\/691\/revisions"}],"predecessor-version":[{"id":2499,"href":"https:\/\/marcocaria.net\/de\/wp-json\/wp\/v2\/pages\/691\/revisions\/2499"}],"wp:attachment":[{"href":"https:\/\/marcocaria.net\/de\/wp-json\/wp\/v2\/media?parent=691"}],"curies":[{"name":"wp","href":"https:\/\/api.w.org\/{rel}","templated":true}]}}