{"id":694,"date":"2025-11-20T13:47:31","date_gmt":"2025-11-20T13:47:31","guid":{"rendered":"http:\/\/marcocaria.net\/biography\/"},"modified":"2025-11-24T16:27:31","modified_gmt":"2025-11-24T16:27:31","slug":"biography","status":"publish","type":"page","link":"https:\/\/marcocaria.net\/de\/biography\/","title":{"rendered":"Biografie"},"content":{"rendered":"<div class=\"wp-block-uagb-container uagb-block-513d8c4c alignfull uagb-is-root-container\"><div class=\"uagb-container-inner-blocks-wrap\">\n<div class=\"wp-block-uagb-advanced-heading uagb-block-343b39c6\"><h1 class=\"uagb-heading-text\">Biografie<\/h1><\/div>\n\n\n\n<div class=\"wp-block-uagb-image uagb-block-cd440aaf wp-block-uagb-image--layout-default wp-block-uagb-image--effect-static wp-block-uagb-image--align-none\"><figure class=\"wp-block-uagb-image__figure\"><img decoding=\"async\" srcset=\"https:\/\/marcocaria.net\/wp-content\/uploads\/2025\/11\/caria_2.jpg ,https:\/\/marcocaria.net\/wp-content\/uploads\/2025\/11\/caria_2.jpg 780w, https:\/\/marcocaria.net\/wp-content\/uploads\/2025\/11\/caria_2.jpg 360w\" sizes=\"auto, (max-width: 480px) 150px\" src=\"https:\/\/marcocaria.net\/wp-content\/uploads\/2025\/11\/caria_2.jpg\" alt=\"\" class=\"uag-image-2091\" width=\"1100\" height=\"349\" title=\"caria_2\" loading=\"lazy\" role=\"img\"\/><\/figure><\/div>\n<\/div><\/div>\n\n\n\n<div class=\"wp-block-uagb-container uagb-block-1179214f alignfull uagb-is-root-container\"><div class=\"uagb-container-inner-blocks-wrap\">\n<p>Marco Caria, geboren in Oristano auf Sardinien, gilt heute als eine der faszinierendsten und bedeutendsten Stimmen der internationalen Opernszene.<br><br>Schon als Kind zeigte er ein nat\u00fcrliches Talent: im Alter von nur 5 Jahren begann er mit dem Gitarrenunterricht und setzte dann seine musikalische Ausbildung am Konservatorium L. Canepa\u201c in Sassari fort. <br><br>Seine weitere Ausbildung erhielt er an renommierten Institutionen wie der Accademia Nazionale di Santa Cecilia in Rom, wo er sich schnell auszeichnete und zahlreiche Wettbewerbe gewann, darunter den Tito Gobbi\u00ab, Domenico Alaleona\u00bb, Luciano Neroni\u00ab und Iris Adami Corradetti\u00bb. <br><br>Dank des \u00abNicolai Ghiaurov\u00bb-Stipendiums vertiefte sie ihre Studien am Ateneo Internazionale della Lirica in Sulmona bei Meistern wie Gianni Raimondi, Mirella Freni und Luciana Serra und setzte sie dann f\u00fcnf Jahre lang am Cubec - Accademia del Belcanto in Modena unter der Leitung von Mirella Freni fort.<br><br>Im Jahr 2002 gab er sein Deb\u00fct in der Rolle des Don Alvaro in Rossinis Il viaggio a Reims am Teatro Marrucino in Chieti, nachdem er als bester Student des Ateneo Internazionale della Lirica in Sulmona ausgezeichnet wurde. <br><br>Von da an ging es mit ihm steil bergauf: 2007 gewann er den zweiten Preis und den Publikumspreis beim renommierten Operalia-Wettbewerb von Placido Domingo in Paris.<br><br>Bedeutende Deb\u00fcts folgten als Rodrigo in Don Carlo (Cincinnati Opera), Don Carlo in La forza del destino (Cincinnati May Festival), Giorgio Germont in La traviata (Cincinnati und Venedig), Marcello in La boh\u00e8me (Cincinnati), Silvio in Pagliacci (Venedig) und Cecil in Maria Stuarda (Venedig).<br><br><strong>Zu den wichtigsten Verpflichtungen in den folgenden Jahren geh\u00f6ren:<\/strong><br><\/p>\n\n\n\n<ul class=\"wp-block-list\">\n<li>Un ballo in maschera (Renato) am Teatro Comunale di Bologna<\/li>\n\n\n\n<li>Lucia di Lammermoor (Enrico) in Rom, Berlin, Peking, Barcelona, Muscat, Amsterdam und Palermo<\/li>\n\n\n\n<li>Don Carlos (Rodrigo) in Lima<\/li>\n\n\n\n<li>Maria Padilla (Don Pedro) beim Wexford Opera Festival<\/li>\n\n\n\n<li>Maria Stuarda (Cecil) in Triest und Neapel<\/li>\n\n\n\n<li>Simon Boccanegra (Paolo Albiani) unter der Leitung von Riccardo Muti in Tokio und am Regio di Parma<\/li>\n\n\n\n<li>Pagliacci (Tonio) bei den Opernfestspielen von Macerata<\/li>\n\n\n\n<li>Rigoletto am Teatro Filarmonico in Verona<\/li>\n\n\n\n<li>Der Barbier von Sevilla (Figaro) in Bilbao<\/li>\n\n\n\n<li>Falstaff (Ford) in Los Angeles<\/li>\n\n\n\n<li>La boh\u00e8me (Marcello) f\u00fcr die Wiederer\u00f6ffnung des Teatro Col\u00f3n in Buenos Aires, in Shanghai, auf Tournee in Korea und im Salle Pleyel in Paris<\/li>\n\n\n\n<li>Il trovatore (Conte di Luna) bei den Opernfestspielen von Macerata<\/li>\n<\/ul>\n\n\n\n<p>Au\u00dferdem war er neben Joyce DiDonato zu Gast bei der renommierten Gala \u00abJuan Diego Fl\u00f3rez and Friends\u00bb im Barbican Centre in London.<\/p>\n\n\n\n<p><br>Besonders intensiv ist seine Zusammenarbeit mit der Wiener Staatsoper in Wien, wo er im Laufe der Spielzeiten <em>La boh\u00e8me, Madama Butterfly, L\u2019elisir d\u2019amore, Simon Boccanegra, Pagliacci, Falstaff, Werther, Lucia di Lammermoor, Roberto Devereux<\/em>, sowie die j\u00fcngeren Produktionen <em>Andrea Ch\u00e9nier<\/em> und <em>Der Barbier von Sevilla interpretiert hat.<\/em>.<\/p>\n\n\n\n<p><br>Er hat mit weltber\u00fchmten Dirigenten zusammengearbeitet, darunter <em>Roberto Abbado, Yves Abel, Marco Armiliato, Bruno Campanella, Myung-Whun Chung, Ottavio Dantone, Valery Gergiev, Michele Mariotti, Riccardo Muti, Daniel Oren, Stefano Ranzani, Nello Santi und Pinchas Steinberg, und mit Regisseuren wie Damiano Michieletto und Luca Ronconi.<\/em><\/p>\n\n\n\n<p><br>Zu den wichtigsten Engagements der letzten Spielzeiten geh\u00f6ren:<em>Der Korsar und Rigoletto<\/em> in Modena; <em>Il trovatore und Aida<\/em> im Sferisterio in Macerata; <em>Der Troubadour<\/em> in Peking und Athen; <em>Der Barbier von Sevilla<\/em> in Wien; <em>Rigoletto<\/em> in Bologna und Cagliari; <em>Carmen und Pagliacci<\/em> in Cagliari; <em>Ein Maskenball<\/em> in Barcelona und Wien; <em>Lucia di Lammermoor<\/em> in Athen und Peking; <em>Der Pirat (Ernesto)<\/em> in St. Gallen; <em>Andrea Ch\u00e9nier<\/em> in Touren; <em>Aida<\/em> in den Thermen von Caracalla; <em>Rigoletto<\/em> in Chisinau und Daegu; <em>La Traviata<\/em> an der Oper in Rom; <em>Jeanne d'Arc<\/em> in Touren; <em>Carmen<\/em> im Regio di Parma und Reggio Emilia; <em>Simon Boccanegra<\/em> in Palermo; <em>Tosca<\/em> in Montpellier.<\/p>\n\n\n\n<p><br>Au\u00dferdem erhielt er viele positive Kritiken: La Traviata in Sassari und in den Terme di Caracalla; das Deb\u00fct in Cavalleria rusticana (Alfio); Pagliacci (Tonio) in Sassari; Il barbiere di Siviglia an der Wiener Staatsoper (Figaro); das Deb\u00fct in der Titelrolle in Nabucco in Sassari; La boh\u00e8me in Tokyo und Un ballo in maschera in China.<\/p>\n\n\n\n<p><br>Zu den wichtigsten Deb\u00fcts der letzten Zeit geh\u00f6ren: Scarpia, der in Tosca in Montpellier (2022) und in Sassari (2024) umjubelt wurde, mit einem best\u00e4tigten Auftritt bei den Margarethen-Festspielen in Wien im Sommer 2026, Barnaba in La Gioconda in Cagliari (2025), Jago in Otello, eine sehr starke und erfolgreiche Auff\u00fchrung in Sassari (2024), und auch die Titelrolle in Simone Boccanegra in der Saison 2026\/27.<\/p>\n<\/div><\/div>\n\n\n\n<div class=\"wp-block-uagb-container uagb-block-bdafe7a9 alignfull uagb-is-root-container\"><div class=\"uagb-container-inner-blocks-wrap\">\n<div class=\"wp-block-uagb-advanced-heading uagb-block-c68a5bc7\"><h2 class=\"uagb-heading-text\">AUSZEICHNUNGEN<\/h2><p class=\"uagb-desc-text\">Auszeichnungen, Wettbewerbe, Preise<\/p><\/div>\n\n\n\n<div class=\"wp-block-uagb-container uagb-block-05c5b147 alignfull uagb-is-root-container\"><div class=\"uagb-container-inner-blocks-wrap\">\n<div class=\"wp-block-uagb-container uagb-block-ed6dd6c9\">\n<div class=\"wp-block-uagb-info-box uagb-block-cae2acda uagb-infobox__content-wrap  uagb-infobox-icon-above-title uagb-infobox-image-valign-top wp-block-uagb-info-box--has-margin\"><div class=\"uagb-infobox-margin-wrapper\"><div class=\"uagb-ifb-content\"><div class=\"uagb-ifb-title-wrap\"><h2 class=\"uagb-ifb-title-prefix\">2023<\/h2><h5 class=\"uagb-ifb-title\">Dank der Fondazione Arena di Verona<\/h5><\/div><p class=\"uagb-ifb-desc\">Freunde der Oper<\/p><\/div><\/div><\/div>\n\n\n\n<div class=\"wp-block-uagb-info-box uagb-block-b521406d uagb-infobox__content-wrap  uagb-infobox-icon-above-title uagb-infobox-image-valign-top wp-block-uagb-info-box--has-margin\"><div class=\"uagb-infobox-margin-wrapper\"><div class=\"uagb-ifb-content\"><div class=\"uagb-ifb-title-wrap\"><h2 class=\"uagb-ifb-title-prefix\">2007<\/h2><h5 class=\"uagb-ifb-title\">operalia in paris<\/h5><\/div><p class=\"uagb-ifb-desc\">Der zweite Preis und der Publikumspreis<\/p><\/div><\/div><\/div>\n\n\n\n<div class=\"wp-block-uagb-info-box uagb-block-646177db uagb-infobox__content-wrap  uagb-infobox-icon-above-title uagb-infobox-image-valign-top wp-block-uagb-info-box--has-margin\"><div class=\"uagb-infobox-margin-wrapper\"><div class=\"uagb-ifb-content\"><div class=\"uagb-ifb-title-wrap\"><h2 class=\"uagb-ifb-title-prefix\">2004<\/h2><h5 class=\"uagb-ifb-title\">luciano-neroni-preis<\/h5><\/div><p class=\"uagb-ifb-desc\">Der erste Preis<\/p><\/div><\/div><\/div>\n<\/div>\n\n\n\n<div class=\"wp-block-uagb-container uagb-block-3a82cc0c\">\n<div class=\"wp-block-uagb-info-box uagb-block-0e614d4c uagb-infobox__content-wrap  uagb-infobox-icon-above-title uagb-infobox-image-valign-top wp-block-uagb-info-box--has-margin\"><div class=\"uagb-infobox-margin-wrapper\"><div class=\"uagb-ifb-content\"><div class=\"uagb-ifb-title-wrap\"><h2 class=\"uagb-ifb-title-prefix\">2004<\/h2><h5 class=\"uagb-ifb-title\">Iris Adami Corradetti-Preis<\/h5><\/div><p class=\"uagb-ifb-desc\">Der erste Preis<\/p><\/div><\/div><\/div>\n\n\n\n<div class=\"wp-block-uagb-info-box uagb-block-7d81294e uagb-infobox__content-wrap  uagb-infobox-icon-above-title uagb-infobox-image-valign-top wp-block-uagb-info-box--has-margin\"><div class=\"uagb-infobox-margin-wrapper\"><div class=\"uagb-ifb-content\"><div class=\"uagb-ifb-title-wrap\"><h2 class=\"uagb-ifb-title-prefix\">2003<\/h2><h5 class=\"uagb-ifb-title\">d. internationaler wettbewerb alaleona<\/h5><\/div><p class=\"uagb-ifb-desc\">Der erste Preis<\/p><\/div><\/div><\/div>\n\n\n\n<div class=\"wp-block-uagb-info-box uagb-block-42b6c307 uagb-infobox__content-wrap  uagb-infobox-icon-above-title uagb-infobox-image-valign-top wp-block-uagb-info-box--has-margin\"><div class=\"uagb-infobox-margin-wrapper\"><div class=\"uagb-ifb-content\"><div class=\"uagb-ifb-title-wrap\"><h2 class=\"uagb-ifb-title-prefix\">2001<\/h2><h5 class=\"uagb-ifb-title\">tito gobbi internationaler wettbewerb 5. auflage<\/h5><\/div><p class=\"uagb-ifb-desc\">Der erste Preis<\/p><\/div><\/div><\/div>\n<\/div>\n<\/div><\/div>\n<\/div><\/div>","protected":false},"excerpt":{"rendered":"<p>Biografia Marco Caria, nato a Oristano in Sardegna, \u00e8 oggi riconosciuto come una delle voci pi\u00f9 affascinanti e autorevoli del panorama lirico internazionale. Fin da bambino mostra un talento naturale: a soli 5 anni inizia lo studio della chitarra e prosegue poi il suo percorso musicale presso il Conservatorio \u201cL. Canepa\u201d di Sassari. Il perfezionamento [&hellip;]<\/p>\n","protected":false},"author":1,"featured_media":0,"parent":0,"menu_order":0,"comment_status":"closed","ping_status":"closed","template":"","meta":{"_uag_custom_page_level_css":"","site-sidebar-layout":"no-sidebar","site-content-layout":"page-builder","ast-site-content-layout":"full-width-container","site-content-style":"unboxed","site-sidebar-style":"unboxed","ast-global-header-display":"","ast-banner-title-visibility":"","ast-main-header-display":"","ast-hfb-above-header-display":"","ast-hfb-below-header-display":"","ast-hfb-mobile-header-display":"","site-post-title":"disabled","ast-breadcrumbs-content":"","ast-featured-img":"disabled","footer-sml-layout":"","ast-disable-related-posts":"","theme-transparent-header-meta":"enabled","adv-header-id-meta":"","stick-header-meta":"","header-above-stick-meta":"","header-main-stick-meta":"","header-below-stick-meta":"","astra-migrate-meta-layouts":"set","ast-page-background-enabled":"default","ast-page-background-meta":{"desktop":{"background-color":"","background-image":"","background-repeat":"repeat","background-position":"center center","background-size":"auto","background-attachment":"scroll","background-type":"","background-media":"","overlay-type":"","overlay-color":"","overlay-opacity":"","overlay-gradient":""},"tablet":{"background-color":"","background-image":"","background-repeat":"repeat","background-position":"center center","background-size":"auto","background-attachment":"scroll","background-type":"","background-media":"","overlay-type":"","overlay-color":"","overlay-opacity":"","overlay-gradient":""},"mobile":{"background-color":"","background-image":"","background-repeat":"repeat","background-position":"center center","background-size":"auto","background-attachment":"scroll","background-type":"","background-media":"","overlay-type":"","overlay-color":"","overlay-opacity":"","overlay-gradient":""}},"ast-content-background-meta":{"desktop":{"background-color":"var(--ast-global-color-5)","background-image":"","background-repeat":"repeat","background-position":"center center","background-size":"auto","background-attachment":"scroll","background-type":"","background-media":"","overlay-type":"","overlay-color":"","overlay-opacity":"","overlay-gradient":""},"tablet":{"background-color":"var(--ast-global-color-5)","background-image":"","background-repeat":"repeat","background-position":"center center","background-size":"auto","background-attachment":"scroll","background-type":"","background-media":"","overlay-type":"","overlay-color":"","overlay-opacity":"","overlay-gradient":""},"mobile":{"background-color":"var(--ast-global-color-5)","background-image":"","background-repeat":"repeat","background-position":"center center","background-size":"auto","background-attachment":"scroll","background-type":"","background-media":"","overlay-type":"","overlay-color":"","overlay-opacity":"","overlay-gradient":""}},"footnotes":""},"class_list":["post-694","page","type-page","status-publish","hentry"],"aioseo_notices":[],"uagb_featured_image_src":{"full":false,"thumbnail":false,"medium":false,"medium_large":false,"large":false,"1536x1536":false,"2048x2048":false,"trp-custom-language-flag":false},"uagb_author_info":{"display_name":"author","author_link":"https:\/\/marcocaria.net\/de\/author\/llenusyagmail-com\/"},"uagb_comment_info":0,"uagb_excerpt":"Biografia Marco Caria, nato a Oristano in Sardegna, \u00e8 oggi riconosciuto come una delle voci pi\u00f9 affascinanti e autorevoli del panorama lirico internazionale. Fin da bambino mostra un talento naturale: a soli 5 anni inizia lo studio della chitarra e prosegue poi il suo percorso musicale presso il Conservatorio \u201cL. Canepa\u201d di Sassari. Il perfezionamento&hellip;","_links":{"self":[{"href":"https:\/\/marcocaria.net\/de\/wp-json\/wp\/v2\/pages\/694","targetHints":{"allow":["GET"]}}],"collection":[{"href":"https:\/\/marcocaria.net\/de\/wp-json\/wp\/v2\/pages"}],"about":[{"href":"https:\/\/marcocaria.net\/de\/wp-json\/wp\/v2\/types\/page"}],"author":[{"embeddable":true,"href":"https:\/\/marcocaria.net\/de\/wp-json\/wp\/v2\/users\/1"}],"replies":[{"embeddable":true,"href":"https:\/\/marcocaria.net\/de\/wp-json\/wp\/v2\/comments?post=694"}],"version-history":[{"count":12,"href":"https:\/\/marcocaria.net\/de\/wp-json\/wp\/v2\/pages\/694\/revisions"}],"predecessor-version":[{"id":2233,"href":"https:\/\/marcocaria.net\/de\/wp-json\/wp\/v2\/pages\/694\/revisions\/2233"}],"wp:attachment":[{"href":"https:\/\/marcocaria.net\/de\/wp-json\/wp\/v2\/media?parent=694"}],"curies":[{"name":"wp","href":"https:\/\/api.w.org\/{rel}","templated":true}]}}