{"id":696,"date":"2025-11-20T13:47:31","date_gmt":"2025-11-20T13:47:31","guid":{"rendered":"http:\/\/marcocaria.net\/repertoire\/"},"modified":"2025-12-09T14:05:57","modified_gmt":"2025-12-09T13:05:57","slug":"repertoire","status":"publish","type":"page","link":"https:\/\/marcocaria.net\/en\/repertoire\/","title":{"rendered":"Repertoire"},"content":{"rendered":"<div class=\"wp-block-uagb-container uagb-block-3ec5d9fa alignfull uagb-is-root-container\"><div class=\"uagb-container-inner-blocks-wrap\">\n<div class=\"wp-block-uagb-advanced-heading uagb-block-46e32658\"><h1 class=\"uagb-heading-text\">REPERTORY<\/h1><\/div>\n<\/div><\/div>\n\n\n\n<div class=\"wp-block-uagb-container uagb-block-751af7ca alignfull uagb-is-root-container\"><div class=\"uagb-container-inner-blocks-wrap\">\n<div class=\"wp-block-columns is-layout-flex wp-container-core-columns-is-layout-28f84493 wp-block-columns-is-layout-flex\">\n<div class=\"wp-block-column is-layout-flow wp-block-column-is-layout-flow\" style=\"flex-basis:100%\">\n<div class=\"wp-block-uagb-advanced-heading uagb-block-61bcb232\"><h2 class=\"uagb-heading-text\">more than 40 roles in the repertoire:<\/h2><\/div>\n<\/div>\n<\/div>\n\n\n\n<div class=\"wp-block-uagb-container uagb-layout-grid uagb-block-9aa20b8f\">\n<div class=\"wp-block-uagb-info-box uagb-block-80534e60 uagb-infobox__content-wrap  uagb-infobox-icon-above-title uagb-infobox-image-valign-top wp-block-uagb-info-box--has-margin\"><div class=\"uagb-infobox-margin-wrapper\"><div class=\"uagb-ifb-content\"><div class=\"uagb-ifb-title-wrap\"><h6 class=\"uagb-ifb-title-prefix\">01.<\/h6><h3 class=\"uagb-ifb-title\">VINCENZO BELLINI<\/h3><\/div><p class=\"uagb-ifb-desc\"><br>- The Puritans (Richard)<br><br>- The Pirate (Ernesto)<\/p><\/div><\/div><\/div>\n\n\n\n<div class=\"wp-block-uagb-info-box uagb-block-f7ef0fcd uagb-infobox__content-wrap  uagb-infobox-icon-above-title uagb-infobox-image-valign-top wp-block-uagb-info-box--has-margin\"><div class=\"uagb-infobox-margin-wrapper\"><div class=\"uagb-ifb-content\"><div class=\"uagb-ifb-title-wrap\"><h6 class=\"uagb-ifb-title-prefix\">02.<\/h6><h3 class=\"uagb-ifb-title\">Georges Bizet<\/h3><\/div><p class=\"uagb-ifb-desc\"><br>- Carmen (Escamillo)<\/p><\/div><\/div><\/div>\n\n\n\n<div class=\"wp-block-uagb-info-box uagb-block-5d423fee uagb-infobox__content-wrap  uagb-infobox-icon-above-title uagb-infobox-image-valign-top wp-block-uagb-info-box--has-margin\"><div class=\"uagb-infobox-margin-wrapper\"><div class=\"uagb-ifb-content\"><div class=\"uagb-ifb-title-wrap\"><h6 class=\"uagb-ifb-title-prefix\">03.<\/h6><h3 class=\"uagb-ifb-title\">Gaetano Donizetti<\/h3><\/div><p class=\"uagb-ifb-desc\"><br>- Belisarius (Belisarius)<br><br>- Don Pasquale (Malatesta)<br><br>- The Elixir of Love (Belcore)<br><br>- Lucia di Lammermoor (Lord Henry Ashton)<br><br>- Maria Padilla (Don Pedro)<br><br>- Mary Stuart (Lord William Cecil)<br><br>- Robert Devereux (The Duke of Nottingham)<\/p><\/div><\/div><\/div>\n\n\n\n<div class=\"wp-block-uagb-info-box uagb-block-4ae59080 uagb-infobox__content-wrap  uagb-infobox-icon-above-title uagb-infobox-image-valign-top wp-block-uagb-info-box--has-margin\"><div class=\"uagb-infobox-margin-wrapper\"><div class=\"uagb-ifb-content\"><div class=\"uagb-ifb-title-wrap\"><h6 class=\"uagb-ifb-title-prefix\">04.<\/h6><h3 class=\"uagb-ifb-title\">Umberto Giordano<\/h3><\/div><p class=\"uagb-ifb-desc\"><br>- Andrea Ch\u00e9nier (G\u00e9rard)<\/p><\/div><\/div><\/div>\n\n\n\n<div class=\"wp-block-uagb-info-box uagb-block-79171b02 uagb-infobox__content-wrap  uagb-infobox-icon-above-title uagb-infobox-image-valign-top wp-block-uagb-info-box--has-margin\"><div class=\"uagb-infobox-margin-wrapper\"><div class=\"uagb-ifb-content\"><div class=\"uagb-ifb-title-wrap\"><h6 class=\"uagb-ifb-title-prefix\">05.<\/h6><h3 class=\"uagb-ifb-title\">Ruggiero Leoncavallo<\/h3><\/div><p class=\"uagb-ifb-desc\"><br>- Pagliacci (Tonio\/Taddeo)<br><br>- Pagliacci (Silvio)<\/p><\/div><\/div><\/div>\n\n\n\n<div class=\"wp-block-uagb-info-box uagb-block-8cacf7cf uagb-infobox__content-wrap  uagb-infobox-icon-above-title uagb-infobox-image-valign-top wp-block-uagb-info-box--has-margin\"><div class=\"uagb-infobox-margin-wrapper\"><div class=\"uagb-ifb-content\"><div class=\"uagb-ifb-title-wrap\"><h6 class=\"uagb-ifb-title-prefix\">06.<\/h6><h3 class=\"uagb-ifb-title\">Jules Massenet<\/h3><\/div><p class=\"uagb-ifb-desc\"><br>- Werther (Albert)<\/p><\/div><\/div><\/div>\n\n\n\n<div class=\"wp-block-uagb-info-box uagb-block-1381c3e4 uagb-infobox__content-wrap  uagb-infobox-icon-above-title uagb-infobox-image-valign-top wp-block-uagb-info-box--has-margin\"><div class=\"uagb-infobox-margin-wrapper\"><div class=\"uagb-ifb-content\"><div class=\"uagb-ifb-title-wrap\"><h6 class=\"uagb-ifb-title-prefix\">07.<\/h6><h3 class=\"uagb-ifb-title\">Amilcare Ponchielli<\/h3><\/div><p class=\"uagb-ifb-desc\"><br>- La Gioconda (Barnabas)<\/p><\/div><\/div><\/div>\n\n\n\n<div class=\"wp-block-uagb-info-box uagb-block-b8cd9171 uagb-infobox__content-wrap  uagb-infobox-icon-above-title uagb-infobox-image-valign-top wp-block-uagb-info-box--has-margin\"><div class=\"uagb-infobox-margin-wrapper\"><div class=\"uagb-ifb-content\"><div class=\"uagb-ifb-title-wrap\"><h6 class=\"uagb-ifb-title-prefix\">08.<\/h6><h3 class=\"uagb-ifb-title\">Giacomo Puccini<\/h3><\/div><p class=\"uagb-ifb-desc\"><br>- La boh\u00e8me (Marcello)<br><br>- La fanciulla del West (Jack Rance).<br><br>- Madama Butterfly (Sharpless)<br><br>- The Tabarro (Michele)<br><br>- Tosca (Baron Scarpia)<\/p><\/div><\/div><\/div>\n\n\n\n<div class=\"wp-block-uagb-info-box uagb-block-49bf8bc1 uagb-infobox__content-wrap  uagb-infobox-icon-above-title uagb-infobox-image-valign-top wp-block-uagb-info-box--has-margin\"><div class=\"uagb-infobox-margin-wrapper\"><div class=\"uagb-ifb-content\"><div class=\"uagb-ifb-title-wrap\"><h6 class=\"uagb-ifb-title-prefix\">09.<\/h6><h3 class=\"uagb-ifb-title\">Gioachino Rossini<\/h3><\/div><p class=\"uagb-ifb-desc\"><br>- The Barber of Seville (Figaro)<br><br>- Il viaggio a Reims (Don Alvaro)<\/p><\/div><\/div><\/div>\n\n\n\n<div class=\"wp-block-uagb-info-box uagb-block-56c71346 uagb-infobox__content-wrap  uagb-infobox-icon-above-title uagb-infobox-image-valign-top wp-block-uagb-info-box--has-margin\"><div class=\"uagb-infobox-margin-wrapper\"><div class=\"uagb-ifb-content\"><div class=\"uagb-ifb-title-wrap\"><h6 class=\"uagb-ifb-title-prefix\">10.<\/h6><h3 class=\"uagb-ifb-title\">Giuseppe Verdi<\/h3><\/div><p class=\"uagb-ifb-desc\"><br>- Aida (Amonasro)<br><br>- Attila (Aetius)<br><br>- A Masquerade Ball (Renato)<br><br>- Don Carlo (Posa)<br><br>- The Corsair (Seid)<br><br>- Ernani (Charles V)<br><br>- Falstaff (Ford)<br><br>- The force of destiny (Don Carlo)<br><br>- Joan of Arc (James)<br><br>- Luisa Miller (Miller)<br><br>- Macbeth (Macbeth)<br><br>- Nabucco (Nabucco)<br><br>- Othello (Jago)<br><br>- Rigoletto (Rigoletto)<br><br>- Stiffelio (Stankar)<br><br>- La traviata (Germont)<br><br>- The troubadour (Conte di Luna)<br><br>- Simon Boccanegra (Simon Boccanegra, Paolo Albiani)<\/p><\/div><\/div><\/div>\n\n\n\n<div class=\"wp-block-uagb-info-box uagb-block-23577348 uagb-infobox__content-wrap  uagb-infobox-icon-above-title uagb-infobox-image-valign-top wp-block-uagb-info-box--has-margin\"><div class=\"uagb-infobox-margin-wrapper\"><div class=\"uagb-ifb-content\"><div class=\"uagb-ifb-title-wrap\"><\/div><\/div><\/div><\/div>\n\n\n\n<div class=\"wp-block-uagb-info-box uagb-block-f3eaefe6 uagb-infobox__content-wrap  uagb-infobox-icon-above-title uagb-infobox-image-valign-top wp-block-uagb-info-box--has-margin\"><div class=\"uagb-infobox-margin-wrapper\"><div class=\"uagb-ifb-content\"><div class=\"uagb-ifb-title-wrap\"><\/div><\/div><\/div><\/div>\n<\/div>\n<\/div><\/div>\n\n\n\n<div class=\"wp-block-uagb-container uagb-layout-grid uagb-block-355c401a alignfull uagb-is-root-container\"><div class=\"uagb-container-inner-blocks-wrap\">\n<div class=\"wp-block-uagb-advanced-heading uagb-block-a9c66ba6\"><h5 class=\"uagb-heading-text\">Theaters<\/h5><\/div>\n\n\n\n<div class=\"wp-block-uagb-container uagb-block-d477b15d\">\n<div class=\"wp-block-uagb-advanced-heading uagb-block-a10546e1\"><h2 class=\"uagb-heading-text\">More than 50 theaters in the curriculum:<\/h2><\/div>\n\n\n\n<div class=\"wp-block-uagb-container uagb-block-5d72230c\">\n<div class=\"wp-block-uagb-container uagb-layout-grid uagb-block-cb1c9cb1\">\n<div class=\"wp-block-uagb-advanced-heading uagb-block-e368bbc5\"><h3 class=\"uagb-heading-text\">ITALY<\/h3><\/div>\n\n\n\n<ul class=\"wp-block-list\">\n<li>Marrucino Theater - Chieti<\/li>\n\n\n\n<li>La Fenice Theater - Venice<\/li>\n\n\n\n<li>Municipal Theater - Bologna<\/li>\n\n\n\n<li>Rome Opera House - Rome<\/li>\n\n\n\n<li>Massimo Theater - Palermo<\/li>\n\n\n\n<li>Regio Theater - Parma<\/li>\n\n\n\n<li>Macerata Opera Festival (Sferisterio) - Macerata<\/li>\n\n\n\n<li>Philharmonic Theatre - Verona<\/li>\n\n\n\n<li>Lyric Theatre - Cagliari<\/li>\n\n\n\n<li>Verdi Theater - Trieste<\/li>\n\n\n\n<li>San Carlo Theater - Naples<\/li>\n\n\n\n<li>Municipal Theater of Modena - Modena<\/li>\n\n\n\n<li>Terme di Caracalla (Rome Opera Festival) - Rome<\/li>\n\n\n\n<li>Municipal Theater - Sassari<\/li>\n\n\n\n<li>Valli \/ Municipal Theatre - Reggio Emilia<\/li>\n<\/ul>\n<\/div>\n\n\n\n<div class=\"wp-block-uagb-container uagb-layout-grid uagb-block-618fcf1a\">\n<div class=\"wp-block-uagb-advanced-heading uagb-block-cf88cc53\"><h3 class=\"uagb-heading-text\"><br><strong>United States<\/strong>\u200b<\/h3><\/div>\n\n\n\n<ul class=\"wp-block-list\">\n<li>The Atlanta Opera Festival - Atlanta<\/li>\n\n\n\n<li>Cincinnati Opera \/ May Festival - Cincinnati<\/li>\n\n\n\n<li>LA Opera - Los Angeles<\/li>\n<\/ul>\n<\/div>\n\n\n\n<div class=\"wp-block-uagb-container uagb-layout-grid uagb-block-845d3057\">\n<div class=\"wp-block-uagb-advanced-heading uagb-block-a92ada45\"><h3 class=\"uagb-heading-text\"><br><strong>Austria<\/strong>\u200b<\/h3><\/div>\n\n\n\n<ul class=\"wp-block-list\">\n<li>Wiener Staatsoper - Vienna<\/li>\n\n\n\n<li>Oper im Steinbruch St. Margarethen - St. Margarethen im Burgenland<\/li>\n<\/ul>\n<\/div>\n\n\n\n<div class=\"wp-block-uagb-container uagb-layout-grid uagb-block-c86cf143\">\n<div class=\"wp-block-uagb-advanced-heading uagb-block-1501d329\"><h3 class=\"uagb-heading-text\"><strong><strong><strong>France<\/strong><\/strong><\/strong>\u200b<\/h3><\/div>\n\n\n\n<ul class=\"wp-block-list\">\n<li>Th\u00e9\u00e2tre du Ch\u00e2telet - Paris<\/li>\n\n\n\n<li>Salle Pleyel - Paris<\/li>\n\n\n\n<li>Op\u00e9ra de Montpellier - Montpellier<\/li>\n\n\n\n<li>Op\u00e9ra de Tours - Tours<\/li>\n<\/ul>\n<\/div>\n\n\n\n<div class=\"wp-block-uagb-container uagb-layout-grid uagb-block-05ec2050\">\n<div class=\"wp-block-uagb-advanced-heading uagb-block-b6fe4c45\"><h3 class=\"uagb-heading-text\"><strong>Germany<\/strong><\/h3><\/div>\n\n\n\n<ul class=\"wp-block-list\">\n<li>Deutsche Oper - Berlin<\/li>\n<\/ul>\n<\/div>\n\n\n\n<div class=\"wp-block-uagb-container uagb-layout-grid uagb-block-ca329b83\">\n<div class=\"wp-block-uagb-advanced-heading uagb-block-7a954ae1\"><h3 class=\"uagb-heading-text\"><strong><strong>Greece<\/strong><\/strong><\/h3><\/div>\n\n\n\n<ul class=\"wp-block-list\">\n<li>Athens State Opera - Athens<\/li>\n\n\n\n<li>Odeo of Herodes Atticus - Athens<\/li>\n<\/ul>\n<\/div>\n\n\n\n<div class=\"wp-block-uagb-container uagb-layout-grid uagb-block-43511c53\">\n<div class=\"wp-block-uagb-advanced-heading uagb-block-cb1cde66\"><h3 class=\"uagb-heading-text\"><strong><strong>Moldova<\/strong><\/strong><\/h3><\/div>\n\n\n\n<ul class=\"wp-block-list\">\n<li>National Theatre \/ Chisinau Opera House - Chisinau<\/li>\n<\/ul>\n<\/div>\n\n\n\n<div class=\"wp-block-uagb-container uagb-layout-grid uagb-block-80dfeddb\">\n<div class=\"wp-block-uagb-advanced-heading uagb-block-88a08d1c\"><h3 class=\"uagb-heading-text\"><strong><strong><strong>Netherlands<\/strong><\/strong><\/strong>\u200b<\/h3><\/div>\n\n\n\n<ul class=\"wp-block-list\">\n<li>Dutch National Opera - Amsterdam<\/li>\n<\/ul>\n<\/div>\n\n\n\n<div class=\"wp-block-uagb-container uagb-layout-grid uagb-block-f8d1c636\">\n<div class=\"wp-block-uagb-advanced-heading uagb-block-967080f2\"><h3 class=\"uagb-heading-text\"><strong><strong>Spain<\/strong><\/strong><\/h3><\/div>\n\n\n\n<ul class=\"wp-block-list\">\n<li>Gran Teatre del Liceu - Barcelona<\/li>\n\n\n\n<li>ABAO-OLBE - Bilbao<\/li>\n\n\n\n<li>Teatro Real - Madrid<\/li>\n<\/ul>\n<\/div>\n\n\n\n<div class=\"wp-block-uagb-container uagb-layout-grid uagb-block-9ba08cd0\">\n<div class=\"wp-block-uagb-advanced-heading uagb-block-4b6fc3e1\"><h3 class=\"uagb-heading-text\"><strong><strong>Switzerland<\/strong><\/strong><\/h3><\/div>\n\n\n\n<ul class=\"wp-block-list\">\n<li>St. Gallen Theater - St. Gallen<\/li>\n\n\n\n<li>Verbier Festval - Vevey<\/li>\n<\/ul>\n<\/div>\n\n\n\n<div class=\"wp-block-uagb-container uagb-layout-grid uagb-block-e4f498b0\">\n<div class=\"wp-block-uagb-advanced-heading uagb-block-75816925\"><h3 class=\"uagb-heading-text\"><strong><strong><strong>Ireland<\/strong><\/strong><\/strong>\u200b<\/h3><\/div>\n\n\n\n<ul class=\"wp-block-list\">\n<li>Wexford Opera Festival - Wexford<\/li>\n<\/ul>\n<\/div>\n\n\n\n<div class=\"wp-block-uagb-container uagb-layout-grid uagb-block-6e0dff7e\">\n<div class=\"wp-block-uagb-advanced-heading uagb-block-e85064e5\"><h3 class=\"uagb-heading-text\"><strong><strong><strong>United Kingdom<\/strong><\/strong><\/strong>\u200b<\/h3><\/div>\n\n\n\n<ul class=\"wp-block-list\">\n<li>Barbican Centre - London<\/li>\n<\/ul>\n<\/div>\n\n\n\n<div class=\"wp-block-uagb-container uagb-layout-grid uagb-block-04a19cd4\">\n<div class=\"wp-block-uagb-advanced-heading uagb-block-464c58e8\"><h3 class=\"uagb-heading-text\"><strong><strong>Oman<\/strong><\/strong>\u200b<\/h3><\/div>\n\n\n\n<ul class=\"wp-block-list\">\n<li>Royal Opera House - Muscat<\/li>\n<\/ul>\n<\/div>\n\n\n\n<div class=\"wp-block-uagb-container uagb-layout-grid uagb-block-2b45485e\">\n<div class=\"wp-block-uagb-advanced-heading uagb-block-499e0431\"><h3 class=\"uagb-heading-text\"><strong><strong><strong>Japan<\/strong><\/strong><\/strong>\u200b<\/h3><\/div>\n\n\n\n<ul class=\"wp-block-list\">\n<li>Bunka Kaikan - Tokyo<\/li>\n\n\n\n<li>Tokyo Spring Festival - Tokyo<\/li>\n<\/ul>\n<\/div>\n\n\n\n<div class=\"wp-block-uagb-container uagb-layout-grid uagb-block-6d56df97\">\n<div class=\"wp-block-uagb-advanced-heading uagb-block-a71b6aa3\"><h3 class=\"uagb-heading-text\"><strong><strong><strong>China<\/strong><\/strong><\/strong>\u200b<\/h3><\/div>\n\n\n\n<ul class=\"wp-block-list\">\n<li>Theater\/Opera - Shanghai<\/li>\n\n\n\n<li>NCPA - Beijing<\/li>\n<\/ul>\n<\/div>\n\n\n\n<div class=\"wp-block-uagb-container uagb-layout-grid uagb-block-9f6d6bcb\">\n<div class=\"wp-block-uagb-advanced-heading uagb-block-4b625ec6\"><h3 class=\"uagb-heading-text\"><strong><strong><strong>HONG KONG<\/strong><\/strong><\/strong>\u200b<\/h3><\/div>\n\n\n\n<ul class=\"wp-block-list\">\n<li>Opera House Hong Kong - Hong Kong<\/li>\n<\/ul>\n<\/div>\n\n\n\n<div class=\"wp-block-uagb-container uagb-layout-grid uagb-block-c6a921de\">\n<div class=\"wp-block-uagb-advanced-heading uagb-block-a1bae4b2\"><h3 class=\"uagb-heading-text\"><strong><strong><strong>South Korea<\/strong><\/strong><\/strong>\u200b<\/h3><\/div>\n\n\n\n<ul class=\"wp-block-list\">\n<li>Daegu Opera House - Daegu<\/li>\n\n\n\n<li>Korea National Opera - Seoul<\/li>\n<\/ul>\n<\/div>\n\n\n\n<div class=\"wp-block-uagb-container uagb-layout-grid uagb-block-1e74ae82\">\n<div class=\"wp-block-uagb-advanced-heading uagb-block-af0f9208\"><h3 class=\"uagb-heading-text\"><strong><strong><strong><strong>Argentina<\/strong><\/strong><\/strong><\/strong>\u200b<\/h3><\/div>\n\n\n\n<ul class=\"wp-block-list\">\n<li>Teatro Col\u00f3n - Buenos Aires<\/li>\n<\/ul>\n<\/div>\n\n\n\n<div class=\"wp-block-uagb-container uagb-layout-grid uagb-block-dc1da55f\">\n<div class=\"wp-block-uagb-advanced-heading uagb-block-9b51a4c5\"><h3 class=\"uagb-heading-text\"><strong><strong><strong>Peru<\/strong><\/strong><\/strong>\u200b<\/h3><\/div>\n\n\n\n<ul class=\"wp-block-list\">\n<li>Teatro Municipal - Lima<\/li>\n<\/ul>\n<\/div>\n<\/div>\n<\/div>\n<\/div><\/div>\n\n\n\n<div class=\"wp-block-group is-layout-constrained wp-block-group-is-layout-constrained\">\n<div class=\"wp-block-uagb-advanced-heading uagb-block-09eb780c\"><h2 class=\"uagb-heading-text\">discography<\/h2><\/div>\n<\/div>\n\n\n\n<figure class=\"wp-block-embed is-type-rich is-provider-spotify wp-block-embed-spotify wp-embed-aspect-21-9 wp-has-aspect-ratio\"><div class=\"wp-block-embed__wrapper\">\n<iframe title=\"Spotify Embed: Verdi: Simon Boccanegra\" style=\"border-radius: 12px\" width=\"100%\" height=\"352\" frameborder=\"0\" allowfullscreen allow=\"autoplay; clipboard-write; encrypted-media; fullscreen; picture-in-picture\" loading=\"lazy\" src=\"https:\/\/open.spotify.com\/embed\/album\/5VnmduxxSQoH1IslzJzXMV?si=LiOU_czzQ86docSIbSJa1A&#038;utm_source=oembed\"><\/iframe>\n<\/div><\/figure>\n\n\n\n<figure class=\"wp-block-embed is-type-rich is-provider-spotify wp-block-embed-spotify wp-embed-aspect-21-9 wp-has-aspect-ratio\"><div class=\"wp-block-embed__wrapper\">\n<iframe title=\"Spotify Embed: Verdi: Il trovatore (Live)\" style=\"border-radius: 12px\" width=\"100%\" height=\"352\" frameborder=\"0\" allowfullscreen allow=\"autoplay; clipboard-write; encrypted-media; fullscreen; picture-in-picture\" loading=\"lazy\" src=\"https:\/\/open.spotify.com\/embed\/album\/2XiK8y0xqeQYpT604TOspI?si=LJVsvlcXQB-6uIuw1xfGDQ&#038;utm_source=oembed\"><\/iframe>\n<\/div><\/figure>","protected":false},"excerpt":{"rendered":"<p>RepertoRIO PI\u00f9 DI 40 RUOLI NEL REPERTORIO: Teatri pi\u00f9 di 50 teatri nel curriculum: ITALIA\u200b Stati Uniti\u200b Austria\u200b Francia\u200b Germania Grecia Moldova Paesi Bassi\u200b Spagna Svizzera Irlanda\u200b Regno Unito\u200b Oman\u200b Giappone\u200b Cina\u200b HONG KONG\u200b Corea del Sud\u200b Argentina\u200b Per\u00f9\u200b discografia<\/p>","protected":false},"author":1,"featured_media":0,"parent":0,"menu_order":0,"comment_status":"closed","ping_status":"closed","template":"","meta":{"_uag_custom_page_level_css":"","site-sidebar-layout":"no-sidebar","site-content-layout":"plain-container","ast-site-content-layout":"normal-width-container","site-content-style":"unboxed","site-sidebar-style":"unboxed","ast-global-header-display":"","ast-banner-title-visibility":"","ast-main-header-display":"","ast-hfb-above-header-display":"","ast-hfb-below-header-display":"","ast-hfb-mobile-header-display":"","site-post-title":"disabled","ast-breadcrumbs-content":"","ast-featured-img":"disabled","footer-sml-layout":"","ast-disable-related-posts":"","theme-transparent-header-meta":"enabled","adv-header-id-meta":"","stick-header-meta":"","header-above-stick-meta":"","header-main-stick-meta":"","header-below-stick-meta":"","astra-migrate-meta-layouts":"set","ast-page-background-enabled":"default","ast-page-background-meta":{"desktop":{"background-color":"","background-image":"","background-repeat":"repeat","background-position":"center center","background-size":"auto","background-attachment":"scroll","background-type":"","background-media":"","overlay-type":"","overlay-color":"","overlay-opacity":"","overlay-gradient":""},"tablet":{"background-color":"","background-image":"","background-repeat":"repeat","background-position":"center center","background-size":"auto","background-attachment":"scroll","background-type":"","background-media":"","overlay-type":"","overlay-color":"","overlay-opacity":"","overlay-gradient":""},"mobile":{"background-color":"","background-image":"","background-repeat":"repeat","background-position":"center center","background-size":"auto","background-attachment":"scroll","background-type":"","background-media":"","overlay-type":"","overlay-color":"","overlay-opacity":"","overlay-gradient":""}},"ast-content-background-meta":{"desktop":{"background-color":"var(--ast-global-color-5)","background-image":"","background-repeat":"repeat","background-position":"center center","background-size":"auto","background-attachment":"scroll","background-type":"","background-media":"","overlay-type":"","overlay-color":"","overlay-opacity":"","overlay-gradient":""},"tablet":{"background-color":"var(--ast-global-color-5)","background-image":"","background-repeat":"repeat","background-position":"center center","background-size":"auto","background-attachment":"scroll","background-type":"","background-media":"","overlay-type":"","overlay-color":"","overlay-opacity":"","overlay-gradient":""},"mobile":{"background-color":"var(--ast-global-color-5)","background-image":"","background-repeat":"repeat","background-position":"center center","background-size":"auto","background-attachment":"scroll","background-type":"","background-media":"","overlay-type":"","overlay-color":"","overlay-opacity":"","overlay-gradient":""}},"footnotes":""},"class_list":["post-696","page","type-page","status-publish","hentry"],"aioseo_notices":[],"uagb_featured_image_src":{"full":false,"thumbnail":false,"medium":false,"medium_large":false,"large":false,"1536x1536":false,"2048x2048":false,"trp-custom-language-flag":false},"uagb_author_info":{"display_name":"author","author_link":"https:\/\/marcocaria.net\/en\/author\/llenusyagmail-com\/"},"uagb_comment_info":0,"uagb_excerpt":"RepertoRIO PI\u00f9 DI 40 RUOLI NEL REPERTORIO: Teatri pi\u00f9 di 50 teatri nel curriculum: ITALIA\u200b Stati Uniti\u200b Austria\u200b Francia\u200b Germania Grecia Moldova Paesi Bassi\u200b Spagna Svizzera Irlanda\u200b Regno Unito\u200b Oman\u200b Giappone\u200b Cina\u200b HONG KONG\u200b Corea del Sud\u200b Argentina\u200b Per\u00f9\u200b discografia","_links":{"self":[{"href":"https:\/\/marcocaria.net\/en\/wp-json\/wp\/v2\/pages\/696","targetHints":{"allow":["GET"]}}],"collection":[{"href":"https:\/\/marcocaria.net\/en\/wp-json\/wp\/v2\/pages"}],"about":[{"href":"https:\/\/marcocaria.net\/en\/wp-json\/wp\/v2\/types\/page"}],"author":[{"embeddable":true,"href":"https:\/\/marcocaria.net\/en\/wp-json\/wp\/v2\/users\/1"}],"replies":[{"embeddable":true,"href":"https:\/\/marcocaria.net\/en\/wp-json\/wp\/v2\/comments?post=696"}],"version-history":[{"count":28,"href":"https:\/\/marcocaria.net\/en\/wp-json\/wp\/v2\/pages\/696\/revisions"}],"predecessor-version":[{"id":2376,"href":"https:\/\/marcocaria.net\/en\/wp-json\/wp\/v2\/pages\/696\/revisions\/2376"}],"wp:attachment":[{"href":"https:\/\/marcocaria.net\/en\/wp-json\/wp\/v2\/media?parent=696"}],"curies":[{"name":"wp","href":"https:\/\/api.w.org\/{rel}","templated":true}]}}